{"id":19,"date":"2024-08-06T23:30:11","date_gmt":"2024-08-06T21:30:11","guid":{"rendered":"https:\/\/delphine-et-vincent.ovh\/?page_id=19"},"modified":"2026-03-12T10:26:01","modified_gmt":"2026-03-12T09:26:01","slug":"rsvp","status":"publish","type":"page","link":"https:\/\/delphine-et-vincent.ovh\/?page_id=19","title":{"rendered":"Confirmez votre pr\u00e9sence"},"content":{"rendered":"\n<p><\/p>\n\n\n\n<p>Nous sommes navr\u00e9s, mais la date limite de r\u00e9ponse \u00e9tait fix\u00e9e au 15 mars. Pour des raisons d&#8217;organisation et de logistique aupr\u00e8s de nos prestataires, nous ne pouvons malheureusement plus enregistrer de nouvelles confirmations.<\/p>\n\n\n\n\n\n<p><\/p>\n","protected":false},"excerpt":{"rendered":"<p>Nous sommes navr\u00e9s, mais la date limite de r\u00e9ponse \u00e9tait fix\u00e9e au 15 mars. Pour des raisons d&#8217;organisation et de logistique aupr\u00e8s de nos prestataires, nous ne pouvons malheureusement plus enregistrer de nouvelles confirmations.<\/p>\n","protected":false},"author":1,"featured_media":0,"parent":0,"menu_order":0,"comment_status":"closed","ping_status":"closed","template":"","meta":{"_uag_custom_page_level_css":"","footnotes":""},"class_list":["post-19","page","type-page","status-publish","hentry"],"uagb_featured_image_src":{"full":false,"thumbnail":false,"medium":false,"medium_large":false,"large":false,"post-slider-thumb-size":false,"post-category-slider-size":false,"1536x1536":false,"2048x2048":false,"blossom-wedding-schema":false,"blossom-wedding-blog":false,"blossom-wedding-blog-one":false,"blossom-wedding-blog-list":false,"blossom-wedding-blog-list-one":false,"blossom-wedding-slider":false,"blossom-wedding-accommodation":false,"blossom-wedding-story":false,"blossom-wedding-officiant":false},"uagb_author_info":{"display_name":"admin5906","author_link":"https:\/\/delphine-et-vincent.ovh\/?author=1"},"uagb_comment_info":0,"uagb_excerpt":"Nous sommes navr\u00e9s, mais la date limite de r\u00e9ponse \u00e9tait fix\u00e9e au 15 mars. Pour des raisons d&#8217;organisation et de logistique aupr\u00e8s de nos prestataires, nous ne pouvons malheureusement plus enregistrer de nouvelles confirmations.","_links":{"self":[{"href":"https:\/\/delphine-et-vincent.ovh\/index.php?rest_route=\/wp\/v2\/pages\/19","targetHints":{"allow":["GET"]}}],"collection":[{"href":"https:\/\/delphine-et-vincent.ovh\/index.php?rest_route=\/wp\/v2\/pages"}],"about":[{"href":"https:\/\/delphine-et-vincent.ovh\/index.php?rest_route=\/wp\/v2\/types\/page"}],"author":[{"embeddable":true,"href":"https:\/\/delphine-et-vincent.ovh\/index.php?rest_route=\/wp\/v2\/users\/1"}],"replies":[{"embeddable":true,"href":"https:\/\/delphine-et-vincent.ovh\/index.php?rest_route=%2Fwp%2Fv2%2Fcomments&post=19"}],"version-history":[{"count":9,"href":"https:\/\/delphine-et-vincent.ovh\/index.php?rest_route=\/wp\/v2\/pages\/19\/revisions"}],"predecessor-version":[{"id":714,"href":"https:\/\/delphine-et-vincent.ovh\/index.php?rest_route=\/wp\/v2\/pages\/19\/revisions\/714"}],"wp:attachment":[{"href":"https:\/\/delphine-et-vincent.ovh\/index.php?rest_route=%2Fwp%2Fv2%2Fmedia&parent=19"}],"curies":[{"name":"wp","href":"https:\/\/api.w.org\/{rel}","templated":true}]}}