{"id":53,"date":"2024-08-07T08:58:43","date_gmt":"2024-08-07T06:58:43","guid":{"rendered":"https:\/\/delphine-et-vincent.ovh\/?page_id=53"},"modified":"2025-04-20T11:13:56","modified_gmt":"2025-04-20T09:13:56","slug":"vip","status":"publish","type":"page","link":"https:\/\/delphine-et-vincent.ovh\/?page_id=53","title":{"rendered":"Nous en texte"},"content":{"rendered":"\n<h3 class=\"wp-block-heading has-text-align-left\"><strong> Notre Histoire : De la Rencontre au &#8220;Oui&#8221;<\/strong><\/h3>\n\n\n\n<hr class=\"wp-block-separator has-alpha-channel-opacity\"\/>\n\n\n\n<p class=\"has-text-align-left\"><strong>\u2764\ufe0f<\/strong> <strong>Une Rencontre, un Hasard\u2026 et une \u00c9vidence<\/strong><\/p>\n\n\n\n<p class=\"has-text-align-left\">Le 20 mars 2004 restera grav\u00e9 dans nos m\u00e9moires, m\u00eame si, \u00e0 ce moment-l\u00e0, rien ne laissait pr\u00e9sager l\u2019aventure qui nous attendait. Vincent rentrait d\u2019une manifestation syndicale \u00e0 Ostende avec des amis, parmi lesquels Christopher, en couple avec Nad\u00e8ge\u2026 la meilleure amie de Delphine. Sur le quai de la gare des Guillemins, nos chemins se croisent peut-\u00eatre sans m\u00eame que nous nous en rendions compte. Aucune \u00e9tincelle fulgurante, pas de coup de foudre cin\u00e9matographique\u2026 juste une rencontre fugace, comme un clin d\u2019\u0153il du destin qui semblait nous murmurer : \u00abPatience, votre histoire commence bient\u00f4t.\u00bb<\/p>\n\n\n\n<figure class=\"wp-block-image size-large\"><img loading=\"lazy\" decoding=\"async\" width=\"1024\" height=\"728\" src=\"http:\/\/delphine-et-vincent.ovh\/wp-content\/uploads\/2025\/02\/Capture-decran-2025-02-10-195623-1024x728.png\" alt=\"\" class=\"wp-image-456\" srcset=\"https:\/\/delphine-et-vincent.ovh\/wp-content\/uploads\/2025\/02\/Capture-decran-2025-02-10-195623-1024x728.png 1024w, https:\/\/delphine-et-vincent.ovh\/wp-content\/uploads\/2025\/02\/Capture-decran-2025-02-10-195623-300x213.png 300w, https:\/\/delphine-et-vincent.ovh\/wp-content\/uploads\/2025\/02\/Capture-decran-2025-02-10-195623-768x546.png 768w, https:\/\/delphine-et-vincent.ovh\/wp-content\/uploads\/2025\/02\/Capture-decran-2025-02-10-195623-84x60.png 84w, https:\/\/delphine-et-vincent.ovh\/wp-content\/uploads\/2025\/02\/Capture-decran-2025-02-10-195623.png 1189w\" sizes=\"auto, (max-width: 1024px) 100vw, 1024px\" \/><\/figure>\n\n\n\n<p><\/p>\n\n\n\n<p class=\"has-text-align-left\">Puis vient le 26 avril 2004, la vraie premi\u00e8re page de notre histoire. Vincent organise un barbecue entre amis. L\u2019ambiance est l\u00e9g\u00e8re, les rires fusent, et lorsque Christopher propose d\u2019aller retrouver Nad\u00e8ge en fin de soir\u00e9e, nous acceptons sans vraiment y r\u00e9fl\u00e9chir. C\u2019est l\u00e0, dans cette nuit printani\u00e8re, que tout bascule. Entre \u00e9clats de rire, discussions \u00e0 n\u2019en plus finir et ces regards qui commencent \u00e0 en dire long, une connexion s\u2019installe. Comme si, sans le savoir, nous avions attendu ce moment.<\/p>\n\n\n\n<hr class=\"wp-block-separator has-alpha-channel-opacity\"\/>\n\n\n\n<p class=\"has-text-align-left\"><strong>\ud83c\udfe1 Un Chez-Nous \u00e0 Notre Image<\/strong><\/p>\n\n\n\n<p class=\"has-text-align-left\">En 2009, nous avons trouv\u00e9 notre nid, ou du moins\u2026 un nid en devenir. Vincent est imm\u00e9diatement conquis par cette maison, tandis que Delphine, elle, est un peu plus sceptique (surtout \u00e0 cause de ce plancher \u00e0 l\u2019\u00e9tage qui craquait bien trop \u00e0 son go\u00fbt). Mais au-del\u00e0 des doutes, nous avons relev\u00e9 ensemble le d\u00e9fi : deux ans de travaux, de poussi\u00e8re, de d\u00e9cisions parfois discutables et de soir\u00e9es pass\u00e9es \u00e0 poncer, peindre et imaginer notre futur.<\/p>\n\n\n\n<p class=\"has-text-align-left\">On dit que survivre \u00e0 des r\u00e9novations soude un couple. Nous confirmons ! Chaque mur reb\u00e2ti, chaque couleur choisie, chaque compromis trouv\u00e9 nous a appris \u00e0 avancer main dans la main.<\/p>\n\n\n\n<p class=\"has-text-align-left\">En 2016, notre cocon s\u2019est agrandi avec l\u2019achat du terrain derri\u00e8re la maison. Plus d\u2019espace pour nos projets, nos animaux, et surtout\u2026 pour les rires de nos enfants qui viendraient bient\u00f4t y jouer.<\/p>\n\n\n\n<p class=\"has-text-align-left\">Notre maison n\u2019est pas seulement un lieu de vie. C\u2019est le reflet de notre patience, de notre complicit\u00e9 et de ce que nous avons su b\u00e2tir ensemble, bien au-del\u00e0 des murs.<\/p>\n\n\n\n<figure class=\"wp-block-image size-full\"><img loading=\"lazy\" decoding=\"async\" width=\"967\" height=\"831\" src=\"http:\/\/delphine-et-vincent.ovh\/wp-content\/uploads\/2025\/02\/MaisonEvol.gif\" alt=\"\" class=\"wp-image-479\"\/><\/figure>\n\n\n\n<hr class=\"wp-block-separator has-alpha-channel-opacity\"\/>\n\n\n\n<p class=\"has-text-align-left\"><strong>\ud83d\udc8d Une Demande en Mariage pas tout \u00e0 fait comme pr\u00e9vu<\/strong><\/p>\n\n\n\n<p class=\"has-text-align-left\">F\u00e9vrier 2014. Vincent a tout orchestr\u00e9 : une demande en mariage \u00e0 Venise, sur une gondole, le d\u00e9cor parfait pour une d\u00e9claration digne des plus grands romans. Mais voil\u00e0\u2026 la veille du d\u00e9part, Delphine lui annonce une surprise bien plus grande : un b\u00e9b\u00e9 est en route !<\/p>\n\n\n\n<p class=\"has-text-align-left\">Adieu les gondoles romantiques et les s\u00e9r\u00e9nades italiennes\u2026 C\u2019est finalement dans l\u2019intimit\u00e9 d\u2019une chambre d\u2019h\u00f4tel que Vincent pose la fameuse question. Moins spectaculaire, peut-\u00eatre, mais infiniment plus rempli d\u2019amour et d\u2019\u00e9motion.<\/p>\n\n\n\n<hr class=\"wp-block-separator has-alpha-channel-opacity\"\/>\n\n\n\n<p class=\"has-text-align-left\"><strong>\ud83d\udc76 De Deux \u00e0 Quatre : L\u2019Aventure Continue<\/strong><\/p>\n\n\n\n<p class=\"has-text-align-left\"><strong>L\u2019arriv\u00e9e de Milo : Un dernier repas avant la grande aventure<\/strong><\/p>\n\n\n\n<p class=\"has-text-align-left\">Devenir parents, c\u2019est une immense joie\u2026 mais aussi une montagne de doutes et de stress. Pour \u00e9viter l\u2019impr\u00e9vu et accueillir notre premier enfant sereinement, nous avons pris la d\u00e9cision de programmer l\u2019accouchement. Conna\u00eetre la date \u00e0 l\u2019avance nous a permis de nous pr\u00e9parer\u2026 et de profiter d\u2019un dernier repas rien qu\u2019\u00e0 deux avant que tout ne change.<\/p>\n\n\n\n<p class=\"has-text-align-left\">Ce soir-l\u00e0, nous avons choisi un restaurant, savourant chaque bouch\u00e9e comme si le temps ralentissait une derni\u00e8re fois avant le grand bouleversement. C\u2019\u00e9tait notre dernier d\u00eener en tant que simple couple, le dernier avant de devenir une famille.<\/p>\n\n\n\n<p class=\"has-text-align-left\">Le lendemain, le moment tant attendu arrive. Entre excitation et appr\u00e9hension, nous prenons la route, conscients que rien ne serait plus jamais comme avant. Et puis enfin, apr\u00e8s des heures de patience et d\u2019\u00e9motions, Milo pousse son premier cri. Nous sommes parents. Et tout prend un sens.<\/p>\n\n\n\n<hr class=\"wp-block-separator has-alpha-channel-opacity\"\/>\n\n\n\n<p class=\"has-text-align-left\"><strong>Lisa et l\u2019appel de l\u2019aventure<\/strong><\/p>\n\n\n\n<p class=\"has-text-align-left\">Janvier 2018. Apr\u00e8s plusieurs semaines \u00e0 redouter une naissance pr\u00e9matur\u00e9e, nous pensions enfin pouvoir souffler un peu. Lisa semblait vouloir prendre son temps.<\/p>\n\n\n\n<p class=\"has-text-align-left\">Et pourtant\u2026 c\u2019est un soir, alors que nous \u00e9tions tranquillement install\u00e9s devant <strong>Le Seigneur des Anneaux<\/strong>, que les contractions ont d\u00e9cid\u00e9 de faire leur entr\u00e9e en sc\u00e8ne ! Impossible de nier l\u2019\u00e9vidence : il fallait partir, et vite. Mais avant, une mission d\u2019une importance capitale : <strong>r\u00e9veiller Milo en urgence<\/strong> et l\u2019embarquer dans cette nouvelle aventure.<\/p>\n\n\n\n<p class=\"has-text-align-left\">Quelques heures plus tard, \u00e0 peine arriv\u00e9s \u00e0 l\u2019h\u00f4pital <strong>in extremis<\/strong>, Lisa venait au monde, bouleversant nos vies une fois de plus avec son timing bien \u00e0 elle.<\/p>\n\n\n\n<hr class=\"wp-block-separator has-alpha-channel-opacity\"\/>\n\n\n\n<h3 class=\"wp-block-heading has-text-align-left\"><strong>\u2728 Le Mot de la Fin\u2026 Enfin, du D\u00e9but !<\/strong><\/h3>\n\n\n\n<p class=\"has-text-align-left\"><em>\u00ab Ce mariage, c\u2019est la c\u00e9l\u00e9bration de notre amour, mais aussi de toutes les personnes qui l\u2019ont rendu possible. Merci d\u2019\u00eatre l\u00e0 pour \u00e9crire la suite\u2026 avec nous ! \u00bb<\/em><\/p>\n\n\n\n<p><\/p>\n","protected":false},"excerpt":{"rendered":"<p>Notre Histoire : De la Rencontre au &#8220;Oui&#8221; \u2764\ufe0f Une Rencontre, un Hasard\u2026 et une \u00c9vidence Le 20 mars 2004 restera grav\u00e9 dans nos m\u00e9moires, m\u00eame si, \u00e0 ce moment-l\u00e0, rien ne laissait pr\u00e9sager l\u2019aventure qui nous attendait. Vincent rentrait d\u2019une manifestation syndicale \u00e0 Ostende avec des amis, parmi lesquels Christopher, en couple avec Nad\u00e8ge\u2026 &hellip; <\/p>\n","protected":false},"author":1,"featured_media":0,"parent":0,"menu_order":0,"comment_status":"closed","ping_status":"closed","template":"","meta":{"_uag_custom_page_level_css":"","footnotes":""},"class_list":["post-53","page","type-page","status-publish","hentry"],"uagb_featured_image_src":{"full":false,"thumbnail":false,"medium":false,"medium_large":false,"large":false,"post-slider-thumb-size":false,"post-category-slider-size":false,"1536x1536":false,"2048x2048":false,"blossom-wedding-schema":false,"blossom-wedding-blog":false,"blossom-wedding-blog-one":false,"blossom-wedding-blog-list":false,"blossom-wedding-blog-list-one":false,"blossom-wedding-slider":false,"blossom-wedding-accommodation":false,"blossom-wedding-story":false,"blossom-wedding-officiant":false},"uagb_author_info":{"display_name":"admin5906","author_link":"https:\/\/delphine-et-vincent.ovh\/?author=1"},"uagb_comment_info":0,"uagb_excerpt":"Notre Histoire : De la Rencontre au &#8220;Oui&#8221; \u2764\ufe0f Une Rencontre, un Hasard\u2026 et une \u00c9vidence Le 20 mars 2004 restera grav\u00e9 dans nos m\u00e9moires, m\u00eame si, \u00e0 ce moment-l\u00e0, rien ne laissait pr\u00e9sager l\u2019aventure qui nous attendait. Vincent rentrait d\u2019une manifestation syndicale \u00e0 Ostende avec des amis, parmi lesquels Christopher, en couple avec Nad\u00e8ge\u2026&hellip;","_links":{"self":[{"href":"https:\/\/delphine-et-vincent.ovh\/index.php?rest_route=\/wp\/v2\/pages\/53","targetHints":{"allow":["GET"]}}],"collection":[{"href":"https:\/\/delphine-et-vincent.ovh\/index.php?rest_route=\/wp\/v2\/pages"}],"about":[{"href":"https:\/\/delphine-et-vincent.ovh\/index.php?rest_route=\/wp\/v2\/types\/page"}],"author":[{"embeddable":true,"href":"https:\/\/delphine-et-vincent.ovh\/index.php?rest_route=\/wp\/v2\/users\/1"}],"replies":[{"embeddable":true,"href":"https:\/\/delphine-et-vincent.ovh\/index.php?rest_route=%2Fwp%2Fv2%2Fcomments&post=53"}],"version-history":[{"count":53,"href":"https:\/\/delphine-et-vincent.ovh\/index.php?rest_route=\/wp\/v2\/pages\/53\/revisions"}],"predecessor-version":[{"id":649,"href":"https:\/\/delphine-et-vincent.ovh\/index.php?rest_route=\/wp\/v2\/pages\/53\/revisions\/649"}],"wp:attachment":[{"href":"https:\/\/delphine-et-vincent.ovh\/index.php?rest_route=%2Fwp%2Fv2%2Fmedia&parent=53"}],"curies":[{"name":"wp","href":"https:\/\/api.w.org\/{rel}","templated":true}]}}