{"id":58,"date":"2025-02-12T16:47:01","date_gmt":"2025-02-12T15:47:01","guid":{"rendered":"https:\/\/delphine-et-vincent.ovh\/?page_id=58"},"modified":"2025-09-15T16:09:31","modified_gmt":"2025-09-15T14:09:31","slug":"le-mariage","status":"publish","type":"page","link":"https:\/\/delphine-et-vincent.ovh\/?page_id=58","title":{"rendered":"Le mariage"},"content":{"rendered":"\n<div class=\"wp-block-uagb-container uagb-block-cfb81c68 default uagb-is-root-container\">\n<div class=\"wp-block-uagb-countdown uagb-block-1d7b8af8\"><div class=\"wp-block-uagb-countdown__box wp-block-uagb-countdown__box-days\"><div role=\"timer\" aria-live=\"off\" class=\"wp-block-uagb-countdown__time wp-block-uagb-countdown__time-days\">&#8211;<\/div><div class=\"wp-block-uagb-countdown__label\">Jours<\/div><\/div><div class=\"wp-block-uagb-countdown__box wp-block-uagb-countdown__box-hours\"><div role=\"timer\" aria-live=\"off\" class=\"wp-block-uagb-countdown__time wp-block-uagb-countdown__time-hours\">&#8211;<\/div><div class=\"wp-block-uagb-countdown__label\">Heures<\/div><\/div><div class=\"wp-block-uagb-countdown__box wp-block-uagb-countdown__box-minutes\"><div role=\"timer\" aria-live=\"off\" class=\"wp-block-uagb-countdown__time wp-block-uagb-countdown__time-minutes\">&#8211;<\/div><div class=\"wp-block-uagb-countdown__label\">Minutes<\/div><\/div><div class=\"wp-block-uagb-countdown__box wp-block-uagb-countdown__box-seconds\"><div role=\"timer\" aria-live=\"off\" class=\"wp-block-uagb-countdown__time wp-block-uagb-countdown__time-seconds\">&#8211;<\/div><div class=\"wp-block-uagb-countdown__label\">SECONDS<\/div><\/div><\/div>\n<\/div>\n\n\n\n<p><\/p>\n\n\n\n<p><\/p>\n\n\n\n<p class=\"has-text-align-center\"><strong><mark style=\"background-color:rgba(0, 0, 0, 0)\" class=\"has-inline-color has-luminous-vivid-orange-color\">Le programme des mari\u00e9s pour la journ\u00e9e.<\/mark><\/strong><\/p>\n\n\n\n<p class=\"has-text-align-left\"><strong>13h00 \u2022 C\u00e9r\u00e9monie Civile &#8211; On se dit Oui officiellement.<\/strong><\/p>\n\n\n\n<p class=\"has-text-align-left\">\ud83d\udccdRue Albert 1er, 16 4470 Saint-Georges-sur-Meuse<\/p>\n\n\n\n<p class=\"has-text-align-left\"><em>R\u00e9serv\u00e9 aux proches et famille imm\u00e9diate<\/em><\/p>\n\n\n<div class=\"wp-block-image\">\n<figure class=\"aligncenter size-full is-resized\"><img loading=\"lazy\" decoding=\"async\" width=\"841\" height=\"593\" src=\"https:\/\/delphine-et-vincent.ovh\/wp-content\/uploads\/2025\/02\/communesSG.png\" alt=\"\" class=\"wp-image-392\" style=\"width:763px;height:auto\" srcset=\"https:\/\/delphine-et-vincent.ovh\/wp-content\/uploads\/2025\/02\/communesSG.png 841w, https:\/\/delphine-et-vincent.ovh\/wp-content\/uploads\/2025\/02\/communesSG-300x212.png 300w, https:\/\/delphine-et-vincent.ovh\/wp-content\/uploads\/2025\/02\/communesSG-768x542.png 768w, https:\/\/delphine-et-vincent.ovh\/wp-content\/uploads\/2025\/02\/communesSG-85x60.png 85w\" sizes=\"auto, (max-width: 841px) 100vw, 841px\" \/><\/figure>\n<\/div>\n\n\n<p><\/p>\n\n\n\n<p class=\"has-text-align-left\"><strong>15h00 &#8211; 20h00 \u2022 R\u00e9ception Priv\u00e9e &amp; Moments \u00c9mouvants<\/strong><\/p>\n\n\n\n<p class=\"has-text-align-left\">\ud83d\udccdRue Oudoumont 3, 4537 Verlaine<\/p>\n\n\n<div class=\"wp-block-image\">\n<figure class=\"aligncenter size-full is-resized\"><img loading=\"lazy\" decoding=\"async\" width=\"680\" height=\"381\" src=\"https:\/\/delphine-et-vincent.ovh\/wp-content\/uploads\/2025\/02\/IMG_20180525_113105.png\" alt=\"\" class=\"wp-image-397\" style=\"width:751px;height:auto\" srcset=\"https:\/\/delphine-et-vincent.ovh\/wp-content\/uploads\/2025\/02\/IMG_20180525_113105.png 680w, https:\/\/delphine-et-vincent.ovh\/wp-content\/uploads\/2025\/02\/IMG_20180525_113105-300x168.png 300w, https:\/\/delphine-et-vincent.ovh\/wp-content\/uploads\/2025\/02\/IMG_20180525_113105-107x60.png 107w\" sizes=\"auto, (max-width: 680px) 100vw, 680px\" \/><\/figure>\n<\/div>\n\n\n<p class=\"has-text-align-left\"><em> <\/em><br><em>\ud83e\udea9Accueil dans la salle d\u00e9cor\u00e9e<br>\ud83e\udea9S\u00e9ance photo familiale<br>\ud83e\udea9Discours, souvenirs partag\u00e9s, jeux personnalis\u00e9s<br>\ud83e\udea9D\u00eener en petit comit\u00e9<\/em> &#8211; Traiteur Sign\u00e9Dengis<br><\/p>\n\n\n\n<p class=\"has-text-align-left\"><strong>20h00 \u2022 Arriv\u00e9e des Invit\u00e9s du Soir<\/strong><\/p>\n\n\n\n<p class=\"has-text-align-left\">\ud83e\udea9Toast de bienvenue et pi\u00e8ce mont\u00e9e<br>\ud83e\udea9Br\u00e8ve c\u00e9r\u00e9monie (rituel, danse des mari\u00e9s)<br>\ud83e\udea9Ambiance musicale douce<\/p>\n\n\n\n<p class=\"has-text-align-left\"><strong>21h30 \u2022 Soir\u00e9e Dansante et Festive<\/strong><\/p>\n\n\n\n<p class=\"has-text-align-left\"><strong>Ouvert \u00e0 tous les invit\u00e9s (soir\u00e9e \u00e9largie)<\/strong><\/p>\n\n\n\n<p class=\"has-text-align-left\">\ud83e\udea9DJ &#8211; David Body <br>\ud83e\udea9Piste de danse, photobooth, animations<br>\ud83e\udea9Bar et snacks de nuit &#8211; Traiteur Sign\u00e9Dengis<br><em>\ud83e\udea9Fin pr\u00e9vue aux aurores !<\/em><\/p>\n\n\n\n<h2 class=\"wp-block-heading has-text-align-left\">\ud83d\udd0dFAQ<\/h2>\n\n\n\n<p class=\"has-text-align-left\"><em><strong>Pourquoi trois parties distinctes ?<\/strong><\/em><br><em>Nous tenions \u00e0 vivre un moment privil\u00e9gi\u00e9 avec notre famille proche le jour J, avant de f\u00eater avec l\u2019ensemble de nos <em>famille<\/em><\/em>s, <em>amis, et de tous ceux qui comptent pour nous en soir\u00e9e !<\/em><br><br><em><strong>Comment savoir \u00e0 quelle partie je suis convi\u00e9 ?<\/strong><\/em><br><em>V\u00e9rifiez votre invitation : l\u2019horaire indiqu\u00e9 correspond \u00e0 votre acc\u00e8s (13h00 ou 20h00 ou 21h30).<\/em><\/p>\n\n\n\n<h2 class=\"wp-block-heading has-text-align-left\">\ud83d\udc57\ud83d\udc54 Dress Code<\/h2>\n\n\n\n<p class=\"has-text-align-left\">Pour harmoniser notre journ\u00e9e, nous vous remercions de ne pas porter de vert &#8211; blanc &#8211; orange ces teintes sont r\u00e9serv\u00e9es aux mari\u00e9s &amp; \u00e0 leurs t\u00e9moins.<\/p>\n\n\n<div class=\"wp-block-image\">\n<figure class=\"aligncenter size-full is-resized\"><img loading=\"lazy\" decoding=\"async\" width=\"173\" height=\"35\" src=\"https:\/\/delphine-et-vincent.ovh\/wp-content\/uploads\/2025\/02\/image.png\" alt=\"\" class=\"wp-image-435\" style=\"width:252px;height:auto\"\/><\/figure>\n<\/div>\n\n\n<div class=\"wp-block-group is-nowrap is-layout-flex wp-container-core-group-is-layout-ad2f72ca wp-block-group-is-layout-flex\">\n<h2 class=\"wp-block-heading has-text-align-left has-medium-font-size\">Merci de Capturer l&#8217;Instant\u2026 avec Vos Yeux<\/h2>\n<\/div>\n\n\n\n<p class=\"has-text-align-left\"><sub>Pour ce jour si pr\u00e9cieux \u00e0 nos yeux, nous avons choisi de confier les souvenirs \u00e0 des professionnels de talent : notre photographe et notre vid\u00e9aste.<br>Ils seront l\u00e0 pour capturer chaque \u00e9motion, chaque regard complice, chaque instant magique.<\/sub> <br><sub>Nous vous demandons donc, avec tout notre c\u0153ur, de\u00a0<strong>laisser vos t\u00e9l\u00e9phones de c\u00f4t\u00e9 pendant les moments importants<\/strong>, pour vivre pleinement l\u2019instant avec nous, les yeux dans les yeux, sans \u00e9cran entre nous.<\/sub><br><sub>En profitant simplement de la magie de l\u2019instant, vous nous offrez le plus beau des cadeaux : votre pr\u00e9sence v\u00e9ritable.<br>Les photos et vid\u00e9os seront bien s\u00fbr partag\u00e9es avec vous par la suite.<\/sub><\/p>\n\n\n\n<p class=\"has-text-align-left\"><strong>Merci de vivre ce moment avec nous, pleinement, intens\u00e9ment, ensemble.<\/strong><\/p>\n\n\n\n<p><\/p>\n","protected":false},"excerpt":{"rendered":"<p>Le programme des mari\u00e9s pour la journ\u00e9e. 13h00 \u2022 C\u00e9r\u00e9monie Civile &#8211; On se dit Oui officiellement. \ud83d\udccdRue Albert 1er, 16 4470 Saint-Georges-sur-Meuse R\u00e9serv\u00e9 aux proches et famille imm\u00e9diate 15h00 &#8211; 20h00 \u2022 R\u00e9ception Priv\u00e9e &amp; Moments \u00c9mouvants \ud83d\udccdRue Oudoumont 3, 4537 Verlaine \ud83e\udea9Accueil dans la salle d\u00e9cor\u00e9e\ud83e\udea9S\u00e9ance photo familiale\ud83e\udea9Discours, souvenirs partag\u00e9s, jeux personnalis\u00e9s\ud83e\udea9D\u00eener en &hellip; <\/p>\n","protected":false},"author":1,"featured_media":0,"parent":0,"menu_order":0,"comment_status":"closed","ping_status":"closed","template":"","meta":{"_uag_custom_page_level_css":"","footnotes":"[]"},"class_list":["post-58","page","type-page","status-publish","hentry"],"uagb_featured_image_src":{"full":false,"thumbnail":false,"medium":false,"medium_large":false,"large":false,"post-slider-thumb-size":false,"post-category-slider-size":false,"1536x1536":false,"2048x2048":false,"blossom-wedding-schema":false,"blossom-wedding-blog":false,"blossom-wedding-blog-one":false,"blossom-wedding-blog-list":false,"blossom-wedding-blog-list-one":false,"blossom-wedding-slider":false,"blossom-wedding-accommodation":false,"blossom-wedding-story":false,"blossom-wedding-officiant":false},"uagb_author_info":{"display_name":"admin5906","author_link":"https:\/\/delphine-et-vincent.ovh\/?author=1"},"uagb_comment_info":0,"uagb_excerpt":"Le programme des mari\u00e9s pour la journ\u00e9e. 13h00 \u2022 C\u00e9r\u00e9monie Civile &#8211; On se dit Oui officiellement. \ud83d\udccdRue Albert 1er, 16 4470 Saint-Georges-sur-Meuse R\u00e9serv\u00e9 aux proches et famille imm\u00e9diate 15h00 &#8211; 20h00 \u2022 R\u00e9ception Priv\u00e9e &amp; Moments \u00c9mouvants \ud83d\udccdRue Oudoumont 3, 4537 Verlaine \ud83e\udea9Accueil dans la salle d\u00e9cor\u00e9e\ud83e\udea9S\u00e9ance photo familiale\ud83e\udea9Discours, souvenirs partag\u00e9s, jeux personnalis\u00e9s\ud83e\udea9D\u00eener en&hellip;","_links":{"self":[{"href":"https:\/\/delphine-et-vincent.ovh\/index.php?rest_route=\/wp\/v2\/pages\/58","targetHints":{"allow":["GET"]}}],"collection":[{"href":"https:\/\/delphine-et-vincent.ovh\/index.php?rest_route=\/wp\/v2\/pages"}],"about":[{"href":"https:\/\/delphine-et-vincent.ovh\/index.php?rest_route=\/wp\/v2\/types\/page"}],"author":[{"embeddable":true,"href":"https:\/\/delphine-et-vincent.ovh\/index.php?rest_route=\/wp\/v2\/users\/1"}],"replies":[{"embeddable":true,"href":"https:\/\/delphine-et-vincent.ovh\/index.php?rest_route=%2Fwp%2Fv2%2Fcomments&post=58"}],"version-history":[{"count":71,"href":"https:\/\/delphine-et-vincent.ovh\/index.php?rest_route=\/wp\/v2\/pages\/58\/revisions"}],"predecessor-version":[{"id":681,"href":"https:\/\/delphine-et-vincent.ovh\/index.php?rest_route=\/wp\/v2\/pages\/58\/revisions\/681"}],"wp:attachment":[{"href":"https:\/\/delphine-et-vincent.ovh\/index.php?rest_route=%2Fwp%2Fv2%2Fmedia&parent=58"}],"curies":[{"name":"wp","href":"https:\/\/api.w.org\/{rel}","templated":true}]}}